{"id":3068,"date":"2024-06-25T17:38:18","date_gmt":"2024-06-25T15:38:18","guid":{"rendered":"https:\/\/soubre.diplomatie.gov.bf\/?page_id=3068"},"modified":"2024-12-10T14:04:15","modified_gmt":"2024-12-10T13:04:15","slug":"actualites","status":"publish","type":"page","link":"https:\/\/soubre.diplomatie.gov.bf\/index.php\/home-two\/actualites\/","title":{"rendered":"Actualit\u00e9s"},"content":{"rendered":"\t\t<div data-elementor-type=\"wp-page\" data-elementor-id=\"3068\" class=\"elementor elementor-3068\" data-elementor-post-type=\"page\">\n\t\t\t\t<div data-particle_enable=\"false\" data-particle-mobile-disabled=\"false\" class=\"elementor-element elementor-element-b1a7d58 e-flex e-con-boxed e-con e-parent\" data-id=\"b1a7d58\" data-element_type=\"container\" data-e-type=\"container\" data-settings=\"{&quot;shape_divider_top&quot;:&quot;mountains&quot;}\">\n\t\t\t\t\t<div class=\"e-con-inner\">\n\t\t\t\t<div class=\"elementor-shape elementor-shape-top\" aria-hidden=\"true\" data-negative=\"false\">\n\t\t\t<svg xmlns=\"http:\/\/www.w3.org\/2000\/svg\" viewBox=\"0 0 1000 100\" preserveAspectRatio=\"none\">\n\t<path class=\"elementor-shape-fill\" opacity=\"0.33\" d=\"M473,67.3c-203.9,88.3-263.1-34-320.3,0C66,119.1,0,59.7,0,59.7V0h1000v59.7 c0,0-62.1,26.1-94.9,29.3c-32.8,3.3-62.8-12.3-75.8-22.1C806,49.6,745.3,8.7,694.9,4.7S492.4,59,473,67.3z\"\/>\n\t<path class=\"elementor-shape-fill\" opacity=\"0.66\" d=\"M734,67.3c-45.5,0-77.2-23.2-129.1-39.1c-28.6-8.7-150.3-10.1-254,39.1 s-91.7-34.4-149.2,0C115.7,118.3,0,39.8,0,39.8V0h1000v36.5c0,0-28.2-18.5-92.1-18.5C810.2,18.1,775.7,67.3,734,67.3z\"\/>\n\t<path class=\"elementor-shape-fill\" d=\"M766.1,28.9c-200-57.5-266,65.5-395.1,19.5C242,1.8,242,5.4,184.8,20.6C128,35.8,132.3,44.9,89.9,52.5C28.6,63.7,0,0,0,0 h1000c0,0-9.9,40.9-83.6,48.1S829.6,47,766.1,28.9z\"\/>\n<\/svg>\t\t<\/div>\n\t\t\t\t<div class=\"elementor-element elementor-element-caf15a2 elementor-grid-eael-col-4 elementor-grid-tablet-eael-col-2 elementor-grid-mobile-eael-col-1 elementor-widget elementor-widget-eael-post-grid\" data-id=\"caf15a2\" data-element_type=\"widget\" data-e-type=\"widget\" data-settings=\"{&quot;eael_post_grid_columns&quot;:&quot;eael-col-4&quot;,&quot;eael_post_grid_columns_tablet&quot;:&quot;eael-col-2&quot;,&quot;eael_post_grid_columns_mobile&quot;:&quot;eael-col-1&quot;}\" data-widget_type=\"eael-post-grid.default\">\n\t\t\t\t<div class=\"elementor-widget-container\">\n\t\t\t\t\t<div id=\"eael-post-grid-caf15a2\" class=\"eael-post-grid-container\">\n            <div class=\"eael-post-grid eael-post-appender eael-post-appender-caf15a2 eael-post-grid-style-three\" data-layout-mode=\"masonry\"><article class=\"eael-grid-post  eael-post-grid-column eael-pg-post-5320 category-actualites\" data-id=\"5320\">\n        <div class=\"eael-grid-post-holder\">\n            <div class=\"eael-grid-post-holder-inner\"><div class=\"eael-entry-media\"><ul class=\"post-carousel-categories\"><li><a href=\"https:\/\/soubre.diplomatie.gov.bf\/index.php\/category\/actualites\/\">Actualit\u00e9s<\/a><\/li><\/ul><div class=\"eael-entry-overlay fade-in\"><i class=\"fas fa-long-arrow-alt-right\" aria-hidden=\"true\"><\/i><a href=\"https:\/\/soubre.diplomatie.gov.bf\/index.php\/%f0%9d%90%91%f0%9d%90%9e%f0%9d%90%a7%f0%9d%90%9c%f0%9d%90%a8%f0%9d%90%a7%f0%9d%90%ad%f0%9d%90%ab%f0%9d%90%9e-%f0%9d%90%ad%f0%9d%90%ab%f0%9d%90%a2%f0%9d%90%a6%f0%9d%90%9e%f0%9d%90%ac%f0%9d%90%ad\/\"><\/a><\/div><div class=\"eael-entry-thumbnail \">\n                 <img decoding=\"async\" width=\"300\" height=\"162\" src=\"https:\/\/soubre.diplomatie.gov.bf\/wp-content\/uploads\/sites\/43\/2024\/12\/450933594_799258515724505_3683820279945983344_n.jpg\" class=\"attachment-medium size-medium wp-image-5321\" alt=\"\" \/>\n             <\/div>\n        <\/div><div class=\"eael-entry-wrapper\"><header class=\"eael-entry-header\"><h2 class=\"eael-entry-title\"><a class=\"eael-grid-post-link\" href=\"https:\/\/soubre.diplomatie.gov.bf\/index.php\/%f0%9d%90%91%f0%9d%90%9e%f0%9d%90%a7%f0%9d%90%9c%f0%9d%90%a8%f0%9d%90%a7%f0%9d%90%ad%f0%9d%90%ab%f0%9d%90%9e-%f0%9d%90%ad%f0%9d%90%ab%f0%9d%90%a2%f0%9d%90%a6%f0%9d%90%9e%f0%9d%90%ac%f0%9d%90%ad\/\" title=\"\ud835\udc11\ud835\udc1e\ud835\udc27\ud835\udc1c\ud835\udc28\ud835\udc27\ud835\udc2d\ud835\udc2b\ud835\udc1e \ud835\udc2d\ud835\udc2b\ud835\udc22\ud835\udc26\ud835\udc1e\ud835\udc2c\ud835\udc2d\ud835\udc2b\ud835\udc22\ud835\udc1e\ud835\udc25\ud835\udc25\ud835\udc1e \ud835\udc00\ud835\udc26\ud835\udc1b\ud835\udc1a\ud835\udc2c\ud835\udc2c\ud835\udc1a\ud835\udc1d\ud835\udc1e-\ud835\udc02\ud835\udc28\ud835\udc27\ud835\udc2c\ud835\udc2e\ud835\udc25\ud835\udc1a\ud835\udc2d\ud835\udc2c \ud835\udc20\ud835\udc1e\u0301\ud835\udc27\ud835\udc1e\u0301\ud835\udc2b\ud835\udc1a\ud835\udc2e\ud835\udc31 \ud835\udc1d\ud835\udc2e \ud835\udc01\ud835\udc2e\ud835\udc2b\ud835\udc24\ud835\udc22\ud835\udc27\ud835\udc1a \ud835\udc05\ud835\udc1a\ud835\udc2c\ud835\udc28 \ud835\udc1e\ud835\udc27 \ud835\udc02\ud835\udc28\u0302\ud835\udc2d\ud835\udc1e \ud835\udc1d&rsquo;\ud835\udc08\ud835\udc2f\ud835\udc28\ud835\udc22\ud835\udc2b\ud835\udc1e : \ud835\udc0b\ud835\udc1e \ud835\udc2b\ud835\udc1e\ud835\udc27\ud835\udc1f\ud835\udc28\ud835\udc2b\ud835\udc1c\ud835\udc1e\ud835\udc26\ud835\udc1e\ud835\udc27\ud835\udc2d \ud835\udc1d\ud835\udc1e\ud835\udc2c \ud835\udc26\ud835\udc1e\u0301\ud835\udc1c\ud835\udc1a\ud835\udc27\ud835\udc22\ud835\udc2c\ud835\udc26\ud835\udc1e\ud835\udc2c \ud835\udc1d\ud835\udc1e \ud835\udc29\ud835\udc2b\ud835\udc28\ud835\udc2d\ud835\udc1e\ud835\udc1c\ud835\udc2d\ud835\udc22\ud835\udc28\ud835\udc27 \ud835\udc1e\ud835\udc2d \ud835\udc1d\ud835\udc1e \ud835\udc1d\ud835\udc1e\u0301\ud835\udc1f\ud835\udc1e\ud835\udc27\ud835\udc2c\ud835\udc1e \ud835\udc1d\ud835\udc1e\ud835\udc2c \ud835\udc22\ud835\udc27\ud835\udc2d\ud835\udc1e\u0301\ud835\udc2b\ud835\udc1e\u0302\ud835\udc2d\ud835\udc2c \ud835\udc1d\ud835\udc1e\ud835\udc2c \ud835\udc01\ud835\udc2e\ud835\udc2b\ud835\udc24\ud835\udc22\ud835\udc27\ud835\udc1a\ud835\udc1b\ud835\udc1e\u0300 \ud835\udc2f\ud835\udc22\ud835\udc2f\ud835\udc1a\ud835\udc27\ud835\udc2d \ud835\udc1e\ud835\udc27 \ud835\udc02\ud835\udc28\u0302\ud835\udc2d\ud835\udc1e \ud835\udc1d&rsquo;\ud835\udc08\ud835\udc2f\ud835\udc28\ud835\udc22\ud835\udc2b\ud835\udc1e \ud835\udc1a\ud835\udc2e \ud835\udc1c\ud835\udc1e\ud835\udc27\ud835\udc2d\ud835\udc2b\ud835\udc1e \ud835\udc1d\ud835\udc1e\ud835\udc2c \ud835\udc1e\u0301\ud835\udc1c\ud835\udc21\ud835\udc1a\ud835\udc27\ud835\udc20\ud835\udc1e\ud835\udc2c \ud835\udc1a\u0300 \ud835\udc03\ud835\udc2e\ud835\udc1e\ud835\udc24\ud835\udc28\ud835\udc2e\ud835\udc1e\u0301.\">\ud835\udc11\ud835\udc1e\ud835\udc27\ud835\udc1c\ud835\udc28\ud835\udc27\ud835\udc2d\ud835\udc2b\ud835\udc1e \ud835\udc2d\ud835\udc2b\ud835\udc22\ud835\udc26\ud835\udc1e\ud835\udc2c\ud835\udc2d\ud835\udc2b\ud835\udc22\ud835\udc1e\ud835\udc25\ud835\udc25\ud835\udc1e \ud835\udc00\ud835\udc26\ud835\udc1b\ud835\udc1a\ud835\udc2c\ud835\udc2c\ud835\udc1a\ud835\udc1d\ud835\udc1e-\ud835\udc02\ud835\udc28\ud835\udc27\ud835\udc2c\ud835\udc2e\ud835\udc25\ud835\udc1a\ud835\udc2d\ud835\udc2c \ud835\udc20\ud835\udc1e\u0301\ud835\udc27\ud835\udc1e\u0301\ud835\udc2b\ud835\udc1a\ud835\udc2e\ud835\udc31 \ud835\udc1d\ud835\udc2e \ud835\udc01\ud835\udc2e\ud835\udc2b\ud835\udc24\ud835\udc22\ud835\udc27\ud835\udc1a \ud835\udc05\ud835\udc1a\ud835\udc2c\ud835\udc28 \ud835\udc1e\ud835\udc27 \ud835\udc02\ud835\udc28\u0302\ud835\udc2d\ud835\udc1e \ud835\udc1d&rsquo;\ud835\udc08\ud835\udc2f\ud835\udc28\ud835\udc22\ud835\udc2b\ud835\udc1e : \ud835\udc0b\ud835\udc1e \ud835\udc2b\ud835\udc1e\ud835\udc27\ud835\udc1f\ud835\udc28\ud835\udc2b\ud835\udc1c\ud835\udc1e\ud835\udc26\ud835\udc1e\ud835\udc27\ud835\udc2d \ud835\udc1d\ud835\udc1e\ud835\udc2c \ud835\udc26\ud835\udc1e\u0301\ud835\udc1c\ud835\udc1a\ud835\udc27\ud835\udc22\ud835\udc2c\ud835\udc26\ud835\udc1e\ud835\udc2c \ud835\udc1d\ud835\udc1e \ud835\udc29\ud835\udc2b\ud835\udc28\ud835\udc2d\ud835\udc1e\ud835\udc1c\ud835\udc2d\ud835\udc22\ud835\udc28\ud835\udc27 \ud835\udc1e\ud835\udc2d \ud835\udc1d\ud835\udc1e \ud835\udc1d\ud835\udc1e\u0301\ud835\udc1f\ud835\udc1e\ud835\udc27\ud835\udc2c\ud835\udc1e<\/a><\/h2><\/header><div class=\"eael-entry-meta\"><span class=\"eael-posted-by\"><a href=\"https:\/\/soubre.diplomatie.gov.bf\/index.php\/author\/kader\/\" title=\"Posts by kader\" rel=\"author\">kader<\/a><\/span><span class=\"eael-posted-on\"><time datetime=\"13 d\u00e9cembre 2024\">13 d\u00e9cembre 2024<\/time><\/span><\/div><div class=\"eael-entry-content\">\n                        <div class=\"eael-grid-post-excerpt\"><p>Activit\u00e9 majeure de la Repr\u00e9sentation diplomatique du Burkina Faso en...<\/p><a href=\"https:\/\/soubre.diplomatie.gov.bf\/index.php\/%f0%9d%90%91%f0%9d%90%9e%f0%9d%90%a7%f0%9d%90%9c%f0%9d%90%a8%f0%9d%90%a7%f0%9d%90%ad%f0%9d%90%ab%f0%9d%90%9e-%f0%9d%90%ad%f0%9d%90%ab%f0%9d%90%a2%f0%9d%90%a6%f0%9d%90%9e%f0%9d%90%ac%f0%9d%90%ad\/\" class=\"eael-post-elements-readmore-btn\">Voir d\u00e9tail<\/a><\/div>\n                    <\/div><\/div><\/div>\n        <\/div>\n    <\/article><article class=\"eael-grid-post  eael-post-grid-column eael-pg-post-5316 category-actualites\" data-id=\"5316\">\n        <div class=\"eael-grid-post-holder\">\n            <div class=\"eael-grid-post-holder-inner\"><div class=\"eael-entry-media\"><ul class=\"post-carousel-categories\"><li><a href=\"https:\/\/soubre.diplomatie.gov.bf\/index.php\/category\/actualites\/\">Actualit\u00e9s<\/a><\/li><\/ul><div class=\"eael-entry-overlay fade-in\"><i class=\"fas fa-long-arrow-alt-right\" aria-hidden=\"true\"><\/i><a href=\"https:\/\/soubre.diplomatie.gov.bf\/index.php\/journees-nationales-dengagement-patriotique-et-de-participation-citoyenne-phase-ii\/\"><\/a><\/div><div class=\"eael-entry-thumbnail \">\n                 <img fetchpriority=\"high\" decoding=\"async\" width=\"187\" height=\"300\" src=\"https:\/\/soubre.diplomatie.gov.bf\/wp-content\/uploads\/sites\/43\/2024\/12\/461709629_851698933813796_3229692126648524579_n.jpg\" class=\"attachment-medium size-medium wp-image-5317\" alt=\"\" \/>\n             <\/div>\n        <\/div><div class=\"eael-entry-wrapper\"><header class=\"eael-entry-header\"><h2 class=\"eael-entry-title\"><a class=\"eael-grid-post-link\" href=\"https:\/\/soubre.diplomatie.gov.bf\/index.php\/journees-nationales-dengagement-patriotique-et-de-participation-citoyenne-phase-ii\/\" title=\"Journ\u00e9es Nationales d&rsquo;Engagement Patriotique et de Participation Citoyenne phase II\">Journ\u00e9es Nationales d&rsquo;Engagement Patriotique et de Participation Citoyenne phase II<\/a><\/h2><\/header><div class=\"eael-entry-meta\"><span class=\"eael-posted-by\"><a href=\"https:\/\/soubre.diplomatie.gov.bf\/index.php\/author\/kader\/\" title=\"Posts by kader\" rel=\"author\">kader<\/a><\/span><span class=\"eael-posted-on\"><time datetime=\"12 d\u00e9cembre 2024\">12 d\u00e9cembre 2024<\/time><\/span><\/div><div class=\"eael-entry-content\">\n                        <div class=\"eael-grid-post-excerpt\"><p>La Repr\u00e9sentation diplomatique du Burkina Faso en R\u00e9publique de C\u00f4te...<\/p><a href=\"https:\/\/soubre.diplomatie.gov.bf\/index.php\/journees-nationales-dengagement-patriotique-et-de-participation-citoyenne-phase-ii\/\" class=\"eael-post-elements-readmore-btn\">Voir d\u00e9tail<\/a><\/div>\n                    <\/div><\/div><\/div>\n        <\/div>\n    <\/article><article class=\"eael-grid-post  eael-post-grid-column eael-pg-post-5313 category-actualites\" data-id=\"5313\">\n        <div class=\"eael-grid-post-holder\">\n            <div class=\"eael-grid-post-holder-inner\"><div class=\"eael-entry-media\"><ul class=\"post-carousel-categories\"><li><a href=\"https:\/\/soubre.diplomatie.gov.bf\/index.php\/category\/actualites\/\">Actualit\u00e9s<\/a><\/li><\/ul><div class=\"eael-entry-overlay fade-in\"><i class=\"fas fa-long-arrow-alt-right\" aria-hidden=\"true\"><\/i><a href=\"https:\/\/soubre.diplomatie.gov.bf\/index.php\/%f0%9d%90%82%f0%9d%90%a8%f0%9d%90%a7%f0%9d%90%ad%f0%9d%90%ab%f0%9d%90%a2%f0%9d%90%9b%f0%9d%90%ae%f0%9d%90%ad%f0%9d%90%a2%f0%9d%90%a8%f0%9d%90%a7-%f0%9d%90%9a-%f0%9d%90%a5%f0%9d%90%9a\/\"><\/a><\/div><div class=\"eael-entry-thumbnail \">\n                 <img decoding=\"async\" width=\"300\" height=\"177\" src=\"https:\/\/soubre.diplomatie.gov.bf\/wp-content\/uploads\/sites\/43\/2024\/12\/468335048_889601863356836_7589315515103942261_n.jpg\" class=\"attachment-medium size-medium wp-image-5314\" alt=\"\" \/>\n             <\/div>\n        <\/div><div class=\"eael-entry-wrapper\"><header class=\"eael-entry-header\"><h2 class=\"eael-entry-title\"><a class=\"eael-grid-post-link\" href=\"https:\/\/soubre.diplomatie.gov.bf\/index.php\/%f0%9d%90%82%f0%9d%90%a8%f0%9d%90%a7%f0%9d%90%ad%f0%9d%90%ab%f0%9d%90%a2%f0%9d%90%9b%f0%9d%90%ae%f0%9d%90%ad%f0%9d%90%a2%f0%9d%90%a8%f0%9d%90%a7-%f0%9d%90%9a-%f0%9d%90%a5%f0%9d%90%9a\/\" title=\"\ud835\udc02\ud835\udc28\ud835\udc27\ud835\udc2d\ud835\udc2b\ud835\udc22\ud835\udc1b\ud835\udc2e\ud835\udc2d\ud835\udc22\ud835\udc28\ud835\udc27 \ud835\udc1a\u0300 \ud835\udc25\ud835\udc1a \ud835\udc09\ud835\udc28\ud835\udc2e\ud835\udc2b\ud835\udc27\ud835\udc1e\u0301\ud835\udc1e \ud835\udc12\ud835\udc29\ud835\udc1e\u0301\ud835\udc1c\ud835\udc22\ud835\udc1a\ud835\udc25\ud835\udc1e \ud835\udc1d\ud835\udc1e \ud835\udc0c\ud835\udc28\ud835\udc1b\ud835\udc22\ud835\udc25\ud835\udc22\ud835\udc2c\ud835\udc1a\ud835\udc2d\ud835\udc22\ud835\udc28\ud835\udc27 \ud835\udc29\ud835\udc1a\ud835\udc2d\ud835\udc2b\ud835\udc22\ud835\udc28\ud835\udc2d\ud835\udc22\ud835\udc2a\ud835\udc2e\ud835\udc1e: \ud835\udc14\ud835\udc27\ud835\udc1e \ud835\udc26\ud835\udc28\ud835\udc22\ud835\udc2c\ud835\udc2c\ud835\udc28\ud835\udc27 \ud835\udc1d\ud835\udc1e \ud835\udc29\ud835\udc25\ud835\udc2e\ud835\udc2c \ud835\udc1d\ud835\udc1e \ud835\udfd3\ud835\udfd2 \ud835\udc26\ud835\udc22\ud835\udc25\ud835\udc25\ud835\udc22\ud835\udc28\ud835\udc27\ud835\udc2c \ud835\udc1e\ud835\udc27\ud835\udc20\ud835\udc2b\ud835\udc1a\ud835\udc27\ud835\udc20\ud835\udc1e\u0301\ud835\udc1e.\">\ud835\udc02\ud835\udc28\ud835\udc27\ud835\udc2d\ud835\udc2b\ud835\udc22\ud835\udc1b\ud835\udc2e\ud835\udc2d\ud835\udc22\ud835\udc28\ud835\udc27 \ud835\udc1a\u0300 \ud835\udc25\ud835\udc1a \ud835\udc09\ud835\udc28\ud835\udc2e\ud835\udc2b\ud835\udc27\ud835\udc1e\u0301\ud835\udc1e \ud835\udc12\ud835\udc29\ud835\udc1e\u0301\ud835\udc1c\ud835\udc22\ud835\udc1a\ud835\udc25\ud835\udc1e \ud835\udc1d\ud835\udc1e \ud835\udc0c\ud835\udc28\ud835\udc1b\ud835\udc22\ud835\udc25\ud835\udc22\ud835\udc2c\ud835\udc1a\ud835\udc2d\ud835\udc22\ud835\udc28\ud835\udc27 \ud835\udc29\ud835\udc1a\ud835\udc2d\ud835\udc2b\ud835\udc22\ud835\udc28\ud835\udc2d\ud835\udc22\ud835\udc2a\ud835\udc2e\ud835\udc1e: \ud835\udc14\ud835\udc27\ud835\udc1e \ud835\udc26\ud835\udc28\ud835\udc22\ud835\udc2c\ud835\udc2c\ud835\udc28\ud835\udc27 \ud835\udc1d\ud835\udc1e \ud835\udc29\ud835\udc25\ud835\udc2e\ud835\udc2c \ud835\udc1d\ud835\udc1e \ud835\udfd3\ud835\udfd2 \ud835\udc26\ud835\udc22\ud835\udc25\ud835\udc25\ud835\udc22\ud835\udc28\ud835\udc27\ud835\udc2c \ud835\udc1e\ud835\udc27\ud835\udc20\ud835\udc2b\ud835\udc1a\ud835\udc27\ud835\udc20\ud835\udc1e\u0301\ud835\udc1e.<\/a><\/h2><\/header><div class=\"eael-entry-meta\"><span class=\"eael-posted-by\"><a href=\"https:\/\/soubre.diplomatie.gov.bf\/index.php\/author\/kader\/\" title=\"Posts by kader\" rel=\"author\">kader<\/a><\/span><span class=\"eael-posted-on\"><time datetime=\"12 d\u00e9cembre 2024\">12 d\u00e9cembre 2024<\/time><\/span><\/div><div class=\"eael-entry-content\">\n                        <div class=\"eael-grid-post-excerpt\"><p>L&rsquo;appel \u00e0 contribution lanc\u00e9 \u00e0 la faveur de la Journ\u00e9e...<\/p><a href=\"https:\/\/soubre.diplomatie.gov.bf\/index.php\/%f0%9d%90%82%f0%9d%90%a8%f0%9d%90%a7%f0%9d%90%ad%f0%9d%90%ab%f0%9d%90%a2%f0%9d%90%9b%f0%9d%90%ae%f0%9d%90%ad%f0%9d%90%a2%f0%9d%90%a8%f0%9d%90%a7-%f0%9d%90%9a-%f0%9d%90%a5%f0%9d%90%9a\/\" class=\"eael-post-elements-readmore-btn\">Voir d\u00e9tail<\/a><\/div>\n                    <\/div><\/div><\/div>\n        <\/div>\n    <\/article><article class=\"eael-grid-post  eael-post-grid-column eael-pg-post-5310 category-actualites\" data-id=\"5310\">\n        <div class=\"eael-grid-post-holder\">\n            <div class=\"eael-grid-post-holder-inner\"><div class=\"eael-entry-media\"><ul class=\"post-carousel-categories\"><li><a href=\"https:\/\/soubre.diplomatie.gov.bf\/index.php\/category\/actualites\/\">Actualit\u00e9s<\/a><\/li><\/ul><div class=\"eael-entry-overlay fade-in\"><i class=\"fas fa-long-arrow-alt-right\" aria-hidden=\"true\"><\/i><a href=\"https:\/\/soubre.diplomatie.gov.bf\/index.php\/%f0%9d%90%82%f0%9d%90%a8%f0%9d%90%a8%f0%9d%90%a9%f0%9d%90%9e%f0%9d%90%ab%f0%9d%90%9a%f0%9d%90%ad%f0%9d%90%a2%f0%9d%90%a8%f0%9d%90%a7-%f0%9d%90%8b%f0%9d%90%9e%f0%9d%90%ac-%f0%9d%90%a6\/\"><\/a><\/div><div class=\"eael-entry-thumbnail \">\n                 <img loading=\"lazy\" decoding=\"async\" width=\"300\" height=\"106\" src=\"https:\/\/soubre.diplomatie.gov.bf\/wp-content\/uploads\/sites\/43\/2024\/12\/468404641_891007766549579_4944778975028036496_n.jpg\" class=\"attachment-medium size-medium wp-image-5311\" alt=\"\" \/>\n             <\/div>\n        <\/div><div class=\"eael-entry-wrapper\"><header class=\"eael-entry-header\"><h2 class=\"eael-entry-title\"><a class=\"eael-grid-post-link\" href=\"https:\/\/soubre.diplomatie.gov.bf\/index.php\/%f0%9d%90%82%f0%9d%90%a8%f0%9d%90%a8%f0%9d%90%a9%f0%9d%90%9e%f0%9d%90%ab%f0%9d%90%9a%f0%9d%90%ad%f0%9d%90%a2%f0%9d%90%a8%f0%9d%90%a7-%f0%9d%90%8b%f0%9d%90%9e%f0%9d%90%ac-%f0%9d%90%a6\/\" title=\"\ud835\udc02\ud835\udc28\ud835\udc28\ud835\udc29\ud835\udc1e\u0301\ud835\udc2b\ud835\udc1a\ud835\udc2d\ud835\udc22\ud835\udc28\ud835\udc27 : \ud835\udc0b\ud835\udc1e\ud835\udc2c \ud835\udc26\ud835\udc22\ud835\udc2c\ud835\udc2c\ud835\udc22\ud835\udc28\ud835\udc27\ud835\udc2c \ud835\udc1d\ud835\udc22\ud835\udc29\ud835\udc25\ud835\udc28\ud835\udc26\ud835\udc1a\ud835\udc2d\ud835\udc22\ud835\udc2a\ud835\udc2e\ud835\udc1e\ud835\udc2c \ud835\udc1e\ud835\udc2d \ud835\udc1c\ud835\udc28\ud835\udc27\ud835\udc2c\ud835\udc2e\ud835\udc25\ud835\udc1a\ud835\udc22\ud835\udc2b\ud835\udc1e\ud835\udc2c \ud835\udc1d\ud835\udc1e \ud835\udc25&rsquo;\ud835\udc00\ud835\udc04\ud835\udc12 \ud835\udc1e\ud835\udc27 \ud835\udc02\ud835\udc28\u0302\ud835\udc2d\ud835\udc1e \ud835\udc1d&rsquo;\ud835\udc08\ud835\udc2f\ud835\udc28\ud835\udc22\ud835\udc2b\ud835\udc1e \ud835\udc2c\ud835\udc1e \ud835\udc1c\ud835\udc28\ud835\udc27\ud835\udc1c\ud835\udc1e\ud835\udc2b\ud835\udc2d\ud835\udc1e\ud835\udc27\ud835\udc2d.\">\ud835\udc02\ud835\udc28\ud835\udc28\ud835\udc29\ud835\udc1e\u0301\ud835\udc2b\ud835\udc1a\ud835\udc2d\ud835\udc22\ud835\udc28\ud835\udc27 : \ud835\udc0b\ud835\udc1e\ud835\udc2c \ud835\udc26\ud835\udc22\ud835\udc2c\ud835\udc2c\ud835\udc22\ud835\udc28\ud835\udc27\ud835\udc2c \ud835\udc1d\ud835\udc22\ud835\udc29\ud835\udc25\ud835\udc28\ud835\udc26\ud835\udc1a\ud835\udc2d\ud835\udc22\ud835\udc2a\ud835\udc2e\ud835\udc1e\ud835\udc2c \ud835\udc1e\ud835\udc2d \ud835\udc1c\ud835\udc28\ud835\udc27\ud835\udc2c\ud835\udc2e\ud835\udc25\ud835\udc1a\ud835\udc22\ud835\udc2b\ud835\udc1e\ud835\udc2c \ud835\udc1d\ud835\udc1e \ud835\udc25&rsquo;\ud835\udc00\ud835\udc04\ud835\udc12 \ud835\udc1e\ud835\udc27 \ud835\udc02\ud835\udc28\u0302\ud835\udc2d\ud835\udc1e \ud835\udc1d&rsquo;\ud835\udc08\ud835\udc2f\ud835\udc28\ud835\udc22\ud835\udc2b\ud835\udc1e \ud835\udc2c\ud835\udc1e \ud835\udc1c\ud835\udc28\ud835\udc27\ud835\udc1c\ud835\udc1e\ud835\udc2b\ud835\udc2d\ud835\udc1e\ud835\udc27\ud835\udc2d.<\/a><\/h2><\/header><div class=\"eael-entry-meta\"><span class=\"eael-posted-by\"><a href=\"https:\/\/soubre.diplomatie.gov.bf\/index.php\/author\/kader\/\" title=\"Posts by kader\" rel=\"author\">kader<\/a><\/span><span class=\"eael-posted-on\"><time datetime=\"12 d\u00e9cembre 2024\">12 d\u00e9cembre 2024<\/time><\/span><\/div><div class=\"eael-entry-content\">\n                        <div class=\"eael-grid-post-excerpt\"><p>Journ\u00e9e d&rsquo;\u00e9changes entre les responsables des missions diplomatiques des \u00e9tats...<\/p><a href=\"https:\/\/soubre.diplomatie.gov.bf\/index.php\/%f0%9d%90%82%f0%9d%90%a8%f0%9d%90%a8%f0%9d%90%a9%f0%9d%90%9e%f0%9d%90%ab%f0%9d%90%9a%f0%9d%90%ad%f0%9d%90%a2%f0%9d%90%a8%f0%9d%90%a7-%f0%9d%90%8b%f0%9d%90%9e%f0%9d%90%ac-%f0%9d%90%a6\/\" class=\"eael-post-elements-readmore-btn\">Voir d\u00e9tail<\/a><\/div>\n                    <\/div><\/div><\/div>\n        <\/div>\n    <\/article><\/div>\n            <div class=\"clearfix\"><\/div>\n        <\/div>            <div class=\"eael-load-more-button-wrap\">\n                <button class=\"eael-load-more-button\" id=\"eael-load-more-btn-caf15a2\" data-widget-id=\"caf15a2\" data-widget=\"caf15a2\" data-page-id=\"3068\" data-template=\"{&quot;dir&quot;:&quot;lite&quot;,&quot;file_name&quot;:&quot;three.php&quot;,&quot;name&quot;:&quot;Post-Grid&quot;}\" data-class=\"Essential_Addons_Elementor\\Elements\\Post_Grid\" data-layout=\"masonry\" data-page=\"1\" data-args=\"orderby=date&amp;order=desc&amp;ignore_sticky_posts=1&amp;post_status=publish&amp;posts_per_page=4&amp;offset=0&amp;post_type=post&amp;post__not_in%5B0%5D=1\" data-max-page=\"3\">\n                    <span class=\"eael-btn-loader button__loader\"><\/span>\n                    <span class=\"eael_load_more_text\">charger la suite<\/span>\n                <\/button>\n            <\/div>\n            \t\t\t\t<\/div>\n\t\t\t\t<\/div>\n\t\t\t\t\t<\/div>\n\t\t\t\t<\/div>\n\t\t\t\t<\/div>\n\t\t","protected":false},"excerpt":{"rendered":"<p>Vivre en C\u00f4te d&rsquo;Ivoire S\u00e9curit\u00e9 DCRP\/MAECR-BE DCRP\/MAECR-BE23 ao\u00fbt 2024 De multiples crises ont \u00e9t\u00e9 enregistr\u00e9es au Tigr\u00e9, dans l\u2019Amhara&#8230; Voir d\u00e9tail Vivre en C\u00f4te d&rsquo;Ivoire Formalit\u00e9s de visa et autres dispositions \u00e0 prendre DCRP\/MAECR-BE DCRP\/MAECR-BE23 ao\u00fbt 2024 Pour les d\u00e9tenteurs de passeports ordinaires burkinab\u00e8 il est vivement&#8230; Voir d\u00e9tail Vivre en C\u00f4te d&rsquo;Ivoire Quand venir [&hellip;]<\/p>\n","protected":false},"author":4,"featured_media":0,"parent":460,"menu_order":0,"comment_status":"closed","ping_status":"closed","template":"elementor_header_footer","meta":{"_acf_changed":false,"_monsterinsights_skip_tracking":false,"_monsterinsights_sitenote_active":false,"_monsterinsights_sitenote_note":"","_monsterinsights_sitenote_category":0,"footnotes":""},"class_list":["post-3068","page","type-page","status-publish","hentry"],"acf":[],"_links":{"self":[{"href":"https:\/\/soubre.diplomatie.gov.bf\/index.php\/wp-json\/wp\/v2\/pages\/3068","targetHints":{"allow":["GET"]}}],"collection":[{"href":"https:\/\/soubre.diplomatie.gov.bf\/index.php\/wp-json\/wp\/v2\/pages"}],"about":[{"href":"https:\/\/soubre.diplomatie.gov.bf\/index.php\/wp-json\/wp\/v2\/types\/page"}],"author":[{"embeddable":true,"href":"https:\/\/soubre.diplomatie.gov.bf\/index.php\/wp-json\/wp\/v2\/users\/4"}],"replies":[{"embeddable":true,"href":"https:\/\/soubre.diplomatie.gov.bf\/index.php\/wp-json\/wp\/v2\/comments?post=3068"}],"version-history":[{"count":31,"href":"https:\/\/soubre.diplomatie.gov.bf\/index.php\/wp-json\/wp\/v2\/pages\/3068\/revisions"}],"predecessor-version":[{"id":5251,"href":"https:\/\/soubre.diplomatie.gov.bf\/index.php\/wp-json\/wp\/v2\/pages\/3068\/revisions\/5251"}],"up":[{"embeddable":true,"href":"https:\/\/soubre.diplomatie.gov.bf\/index.php\/wp-json\/wp\/v2\/pages\/460"}],"wp:attachment":[{"href":"https:\/\/soubre.diplomatie.gov.bf\/index.php\/wp-json\/wp\/v2\/media?parent=3068"}],"curies":[{"name":"wp","href":"https:\/\/api.w.org\/{rel}","templated":true}]}}