{"id":3980,"date":"2024-06-27T11:37:08","date_gmt":"2024-06-27T09:37:08","guid":{"rendered":"https:\/\/soubre.diplomatie.gov.bf\/?page_id=3980"},"modified":"2024-12-10T12:24:58","modified_gmt":"2024-12-10T11:24:58","slug":"le-personnel","status":"publish","type":"page","link":"https:\/\/soubre.diplomatie.gov.bf\/index.php\/le-personnel\/","title":{"rendered":"Le personnel"},"content":{"rendered":"\t\t<div data-elementor-type=\"wp-page\" data-elementor-id=\"3980\" class=\"elementor elementor-3980\" data-elementor-post-type=\"page\">\n\t\t\t\t<div data-particle_enable=\"false\" data-particle-mobile-disabled=\"false\" class=\"elementor-element elementor-element-4eb88673 e-flex e-con-boxed elementor-invisible e-con e-parent\" data-id=\"4eb88673\" data-element_type=\"container\" data-e-type=\"container\" data-settings=\"{&quot;background_background&quot;:&quot;classic&quot;,&quot;animation&quot;:&quot;slideInLeft&quot;}\">\n\t\t\t\t\t<div class=\"e-con-inner\">\n\t\t<div data-particle_enable=\"false\" data-particle-mobile-disabled=\"false\" class=\"elementor-element elementor-element-7884ee44 e-con-full e-flex elementor-invisible e-con e-child\" data-id=\"7884ee44\" data-element_type=\"container\" data-e-type=\"container\" data-settings=\"{&quot;animation&quot;:&quot;fadeInLeft&quot;}\">\n\t\t\t\t<div class=\"elementor-element elementor-element-493a66f elementor-widget elementor-widget-tg-team\" data-id=\"493a66f\" data-element_type=\"widget\" data-e-type=\"widget\" data-widget_type=\"tg-team.default\">\n\t\t\t\t<div class=\"elementor-widget-container\">\n\t\t\t\t\t\r\n\r\n\r\n        \r\n            <div class=\"row justify-content-center gutter-24\">\r\n                                    <div class=\"col-lg-3 col-md-6 col-sm-8\">\r\n                        <div class=\"team__item-two shine-animate-item\">\r\n                                                            <div class=\"team__thumb-two shine-animate\">\r\n                                    <img decoding=\"async\" src=\"https:\/\/soubre.diplomatie.gov.bf\/wp-content\/uploads\/sites\/43\/2024\/12\/SOURWEMA-G-Maxime.jpg\" alt=\"\">\r\n                                <\/div>\r\n                                                        <div class=\"team__content-two\">\r\n                                <h4 class=\"title\"><a href=\"#\">SOURWEMA G. Maxime <\/a><\/h4>\r\n                                                                    <span>Consul Adjoint<\/span>\r\n                                                                                            <\/div>\r\n                        <\/div>\r\n                    <\/div>\r\n                                    <div class=\"col-lg-3 col-md-6 col-sm-8\">\r\n                        <div class=\"team__item-two shine-animate-item\">\r\n                                                            <div class=\"team__thumb-two shine-animate\">\r\n                                    <img decoding=\"async\" src=\"https:\/\/soubre.diplomatie.gov.bf\/wp-content\/uploads\/sites\/43\/2024\/12\/SAWADOGO-ADAMA.jpg\" alt=\"\">\r\n                                <\/div>\r\n                                                        <div class=\"team__content-two\">\r\n                                <h4 class=\"title\"><a href=\"#\">SAWADOGO Adama <\/a><\/h4>\r\n                                                                    <span>Vice Consul<\/span>\r\n                                                                                            <\/div>\r\n                        <\/div>\r\n                    <\/div>\r\n                                    <div class=\"col-lg-3 col-md-6 col-sm-8\">\r\n                        <div class=\"team__item-two shine-animate-item\">\r\n                                                            <div class=\"team__thumb-two shine-animate\">\r\n                                    <img decoding=\"async\" src=\"https:\/\/soubre.diplomatie.gov.bf\/wp-content\/uploads\/sites\/43\/2024\/12\/KONATE-Bakary.jpg\" alt=\"\">\r\n                                <\/div>\r\n                                                        <div class=\"team__content-two\">\r\n                                <h4 class=\"title\"><a href=\"#\">KONATE Bakary <\/a><\/h4>\r\n                                                                    <span>Percepteur<\/span>\r\n                                                                                            <\/div>\r\n                        <\/div>\r\n                    <\/div>\r\n                                    <div class=\"col-lg-3 col-md-6 col-sm-8\">\r\n                        <div class=\"team__item-two shine-animate-item\">\r\n                                                            <div class=\"team__thumb-two shine-animate\">\r\n                                    <img decoding=\"async\" src=\"https:\/\/soubre.diplomatie.gov.bf\/wp-content\/uploads\/sites\/43\/2024\/12\/KOURA-Yenilo-Adama.jpg\" alt=\"\">\r\n                                <\/div>\r\n                                                        <div class=\"team__content-two\">\r\n                                <h4 class=\"title\"><a href=\"#\">KOURA Yenilo Adama<\/a><\/h4>\r\n                                                                    <span>Attach\u00e9<\/span>\r\n                                                                                            <\/div>\r\n                        <\/div>\r\n                    <\/div>\r\n                                    <div class=\"col-lg-3 col-md-6 col-sm-8\">\r\n                        <div class=\"team__item-two shine-animate-item\">\r\n                                                            <div class=\"team__thumb-two shine-animate\">\r\n                                    <img decoding=\"async\" src=\"https:\/\/soubre.diplomatie.gov.bf\/wp-content\/uploads\/sites\/43\/2024\/12\/BADINI-Adama.jpg\" alt=\"\">\r\n                                <\/div>\r\n                                                        <div class=\"team__content-two\">\r\n                                <h4 class=\"title\"><a href=\"#\">BADINI Adama<\/a><\/h4>\r\n                                                                    <span>Attach\u00e9<\/span>\r\n                                                                                            <\/div>\r\n                        <\/div>\r\n                    <\/div>\r\n                                    <div class=\"col-lg-3 col-md-6 col-sm-8\">\r\n                        <div class=\"team__item-two shine-animate-item\">\r\n                                                            <div class=\"team__thumb-two shine-animate\">\r\n                                    <img decoding=\"async\" src=\"https:\/\/soubre.diplomatie.gov.bf\/wp-content\/uploads\/sites\/43\/2024\/12\/OUEDRAOGO-T.-Adeline.jpg\" alt=\"\">\r\n                                <\/div>\r\n                                                        <div class=\"team__content-two\">\r\n                                <h4 class=\"title\"><a href=\"#\">OUEDRAOGO T. Adeline<\/a><\/h4>\r\n                                                                    <span>Attach\u00e9e<\/span>\r\n                                                                                            <\/div>\r\n                        <\/div>\r\n                    <\/div>\r\n                                    <div class=\"col-lg-3 col-md-6 col-sm-8\">\r\n                        <div class=\"team__item-two shine-animate-item\">\r\n                                                            <div class=\"team__thumb-two shine-animate\">\r\n                                    <img decoding=\"async\" src=\"https:\/\/soubre.diplomatie.gov.bf\/wp-content\/uploads\/sites\/43\/2024\/12\/GANAMA-Kassoum.jpg\" alt=\"\">\r\n                                <\/div>\r\n                                                        <div class=\"team__content-two\">\r\n                                <h4 class=\"title\"><a href=\"#\">GANAMA Kassoum<\/a><\/h4>\r\n                                                                    <span>Attach\u00e9<\/span>\r\n                                                                                            <\/div>\r\n                        <\/div>\r\n                    <\/div>\r\n                                    <div class=\"col-lg-3 col-md-6 col-sm-8\">\r\n                        <div class=\"team__item-two shine-animate-item\">\r\n                                                            <div class=\"team__thumb-two shine-animate\">\r\n                                    <img decoding=\"async\" src=\"https:\/\/soubre.diplomatie.gov.bf\/wp-content\/uploads\/sites\/43\/2024\/12\/TRAORE-Gny-Fatou.jpg\" alt=\"\">\r\n                                <\/div>\r\n                                                        <div class=\"team__content-two\">\r\n                                <h4 class=\"title\"><a href=\"#\">TRAORE Gny Fatou<\/a><\/h4>\r\n                                                                    <span> Secr\u00e9taire<\/span>\r\n                                                                                            <\/div>\r\n                        <\/div>\r\n                    <\/div>\r\n                                    <div class=\"col-lg-3 col-md-6 col-sm-8\">\r\n                        <div class=\"team__item-two shine-animate-item\">\r\n                                                            <div class=\"team__thumb-two shine-animate\">\r\n                                    <img decoding=\"async\" src=\"https:\/\/soubre.diplomatie.gov.bf\/wp-content\/uploads\/sites\/43\/2024\/12\/SAMAN-Noraogo-Vier.jpg\" alt=\"\">\r\n                                <\/div>\r\n                                                        <div class=\"team__content-two\">\r\n                                <h4 class=\"title\"><a href=\"#\">SAMAN Noraogo Vier<\/a><\/h4>\r\n                                                                    <span>Protocole<\/span>\r\n                                                                                            <\/div>\r\n                        <\/div>\r\n                    <\/div>\r\n                                    <div class=\"col-lg-3 col-md-6 col-sm-8\">\r\n                        <div class=\"team__item-two shine-animate-item\">\r\n                                                            <div class=\"team__thumb-two shine-animate\">\r\n                                    <img decoding=\"async\" src=\"https:\/\/soubre.diplomatie.gov.bf\/wp-content\/uploads\/sites\/43\/2024\/12\/BAZIE-Antoine.jpg\" alt=\"\">\r\n                                <\/div>\r\n                                                        <div class=\"team__content-two\">\r\n                                <h4 class=\"title\"><a href=\"#\">BAZIE Antoine<\/a><\/h4>\r\n                                                                    <span>Agent de liaison<\/span>\r\n                                                                                            <\/div>\r\n                        <\/div>\r\n                    <\/div>\r\n                                    <div class=\"col-lg-3 col-md-6 col-sm-8\">\r\n                        <div class=\"team__item-two shine-animate-item\">\r\n                                                            <div class=\"team__thumb-two shine-animate\">\r\n                                    <img decoding=\"async\" src=\"https:\/\/soubre.diplomatie.gov.bf\/wp-content\/uploads\/sites\/43\/2024\/12\/DAKISSAGA-Leonard.jpg\" alt=\"\">\r\n                                <\/div>\r\n                                                        <div class=\"team__content-two\">\r\n                                <h4 class=\"title\"><a href=\"#\">DAKISSAGA L\u00e9onard<\/a><\/h4>\r\n                                                                    <span>Chauffeur<\/span>\r\n                                                                                            <\/div>\r\n                        <\/div>\r\n                    <\/div>\r\n                                    <div class=\"col-lg-3 col-md-6 col-sm-8\">\r\n                        <div class=\"team__item-two shine-animate-item\">\r\n                                                            <div class=\"team__thumb-two shine-animate\">\r\n                                    <img decoding=\"async\" src=\"https:\/\/soubre.diplomatie.gov.bf\/wp-content\/uploads\/sites\/43\/2024\/12\/ZOUNDI-Jacob.jpg\" alt=\"\">\r\n                                <\/div>\r\n                                                        <div class=\"team__content-two\">\r\n                                <h4 class=\"title\"><a href=\"#\">ZOUNDI Jacob<\/a><\/h4>\r\n                                                                    <span>Chauffeur<\/span>\r\n                                                                                                    <div class=\"team__social-two\">\r\n                                        <ul class=\"list-wrap\">\r\n                                            \r\n                                            \r\n                                            \r\n                                                                                            <li>\r\n                                                    <a href=\"#\"><i class=\"fab fa-facebook-f\"><\/i><\/a>\r\n                                                <\/li>\r\n                                            \r\n                                                                                            <li>\r\n                                                    <a href=\"#\"><i class=\"fab fa-twitter\"><\/i><\/a>\r\n                                                <\/li>\r\n                                            \r\n                                                                                            <li>\r\n                                                    <a href=\"#\"><i class=\"fab fa-instagram\"><\/i><\/a>\r\n                                                <\/li>\r\n                                            \r\n                                                                                            <li>\r\n                                                    <a href=\"#\"><i class=\"fab fa-linkedin-in\"><\/i><\/a>\r\n                                                <\/li>\r\n                                            \r\n                                            \r\n                                            \r\n                                            \r\n                                            \r\n                                            \r\n                                            \r\n                                            \r\n                                                                                    <\/ul>\r\n                                    <\/div>\r\n                                                            <\/div>\r\n                        <\/div>\r\n                    <\/div>\r\n                                    <div class=\"col-lg-3 col-md-6 col-sm-8\">\r\n                        <div class=\"team__item-two shine-animate-item\">\r\n                                                            <div class=\"team__thumb-two shine-animate\">\r\n                                    <img decoding=\"async\" src=\"https:\/\/soubre.diplomatie.gov.bf\/wp-content\/uploads\/sites\/43\/2024\/12\/KIEMTORE-Winde-Woga-Faty-Prisca.jpg\" alt=\"\">\r\n                                <\/div>\r\n                                                        <div class=\"team__content-two\">\r\n                                <h4 class=\"title\"><a href=\"#\">KIEMTORE Winde Woga Faty Prisca<\/a><\/h4>\r\n                                                                    <span>Secr\u00e9taire<\/span>\r\n                                                                                                    <div class=\"team__social-two\">\r\n                                        <ul class=\"list-wrap\">\r\n                                            \r\n                                            \r\n                                            \r\n                                                                                            <li>\r\n                                                    <a href=\"#\"><i class=\"fab fa-facebook-f\"><\/i><\/a>\r\n                                                <\/li>\r\n                                            \r\n                                                                                            <li>\r\n                                                    <a href=\"#\"><i class=\"fab fa-twitter\"><\/i><\/a>\r\n                                                <\/li>\r\n                                            \r\n                                                                                            <li>\r\n                                                    <a href=\"#\"><i class=\"fab fa-instagram\"><\/i><\/a>\r\n                                                <\/li>\r\n                                            \r\n                                                                                            <li>\r\n                                                    <a href=\"#\"><i class=\"fab fa-linkedin-in\"><\/i><\/a>\r\n                                                <\/li>\r\n                                            \r\n                                            \r\n                                            \r\n                                            \r\n                                            \r\n                                            \r\n                                            \r\n                                            \r\n                                                                                    <\/ul>\r\n                                    <\/div>\r\n                                                            <\/div>\r\n                        <\/div>\r\n                    <\/div>\r\n                            <\/div>\r\n\r\n        \r\n\t\t\t\t<\/div>\n\t\t\t\t<\/div>\n\t\t\t\t<\/div>\n\t\t\t\t\t<\/div>\n\t\t\t\t<\/div>\n\t\t\t\t<\/div>\n\t\t","protected":false},"excerpt":{"rendered":"<p>SOURWEMA G. Maxime Consul Adjoint SAWADOGO Adama Vice Consul KONATE Bakary Percepteur KOURA Yenilo Adama Attach\u00e9 BADINI Adama Attach\u00e9 OUEDRAOGO T. Adeline Attach\u00e9e GANAMA Kassoum Attach\u00e9 TRAORE Gny Fatou Secr\u00e9taire SAMAN Noraogo Vier Protocole BAZIE Antoine Agent de liaison DAKISSAGA L\u00e9onard Chauffeur ZOUNDI Jacob Chauffeur KIEMTORE Winde Woga Faty Prisca Secr\u00e9taire<\/p>\n","protected":false},"author":4,"featured_media":0,"parent":0,"menu_order":0,"comment_status":"closed","ping_status":"closed","template":"elementor_header_footer","meta":{"_acf_changed":false,"_monsterinsights_skip_tracking":false,"_monsterinsights_sitenote_active":false,"_monsterinsights_sitenote_note":"","_monsterinsights_sitenote_category":0,"footnotes":""},"class_list":["post-3980","page","type-page","status-publish","hentry"],"acf":[],"_links":{"self":[{"href":"https:\/\/soubre.diplomatie.gov.bf\/index.php\/wp-json\/wp\/v2\/pages\/3980","targetHints":{"allow":["GET"]}}],"collection":[{"href":"https:\/\/soubre.diplomatie.gov.bf\/index.php\/wp-json\/wp\/v2\/pages"}],"about":[{"href":"https:\/\/soubre.diplomatie.gov.bf\/index.php\/wp-json\/wp\/v2\/types\/page"}],"author":[{"embeddable":true,"href":"https:\/\/soubre.diplomatie.gov.bf\/index.php\/wp-json\/wp\/v2\/users\/4"}],"replies":[{"embeddable":true,"href":"https:\/\/soubre.diplomatie.gov.bf\/index.php\/wp-json\/wp\/v2\/comments?post=3980"}],"version-history":[{"count":93,"href":"https:\/\/soubre.diplomatie.gov.bf\/index.php\/wp-json\/wp\/v2\/pages\/3980\/revisions"}],"predecessor-version":[{"id":5140,"href":"https:\/\/soubre.diplomatie.gov.bf\/index.php\/wp-json\/wp\/v2\/pages\/3980\/revisions\/5140"}],"wp:attachment":[{"href":"https:\/\/soubre.diplomatie.gov.bf\/index.php\/wp-json\/wp\/v2\/media?parent=3980"}],"curies":[{"name":"wp","href":"https:\/\/api.w.org\/{rel}","templated":true}]}}