{"id":4641,"date":"2024-07-24T14:25:55","date_gmt":"2024-07-24T12:25:55","guid":{"rendered":"https:\/\/soubre.diplomatie.gov.bf\/?page_id=4641"},"modified":"2024-12-11T15:56:01","modified_gmt":"2024-12-11T14:56:01","slug":"focus-sur-la-diaspora","status":"publish","type":"page","link":"https:\/\/soubre.diplomatie.gov.bf\/index.php\/focus-sur-la-diaspora\/","title":{"rendered":"Focus sur la diaspora"},"content":{"rendered":"\t\t<div data-elementor-type=\"wp-page\" data-elementor-id=\"4641\" class=\"elementor elementor-4641\" data-elementor-post-type=\"page\">\n\t\t\t\t<div data-particle_enable=\"false\" data-particle-mobile-disabled=\"false\" class=\"elementor-element elementor-element-42f885b e-con-full e-flex e-con e-parent\" data-id=\"42f885b\" data-element_type=\"container\" data-e-type=\"container\">\n\t\t\t\t<div class=\"elementor-element elementor-element-54ad0244 elementor-headline--style-rotate elementor-widget elementor-widget-animated-headline\" data-id=\"54ad0244\" data-element_type=\"widget\" data-e-type=\"widget\" data-settings=\"{&quot;headline_style&quot;:&quot;rotate&quot;,&quot;animation_type&quot;:&quot;flip&quot;,&quot;loop&quot;:&quot;yes&quot;,&quot;rotate_iteration_delay&quot;:2500}\" data-widget_type=\"animated-headline.default\">\n\t\t\t\t<div class=\"elementor-widget-container\">\n\t\t\t\t\t\t\t<h3 class=\"elementor-headline elementor-headline-animation-type-flip\">\n\t\t\t\t\t<span class=\"elementor-headline-plain-text elementor-headline-text-wrapper\">Toute l'actualit\u00e9  de la diaspora Burkinab\u00e8 vivante en C\u00f4te d'Ivoire<\/span>\n\t\t\t\t<span class=\"elementor-headline-dynamic-wrapper elementor-headline-text-wrapper\">\n\t\t\t\t<\/span>\n\t\t\t\t<\/h3>\n\t\t\t\t\t\t<\/div>\n\t\t\t\t<\/div>\n\t\t\t\t<div class=\"elementor-element elementor-element-7195067d elementor-headline--style-rotate elementor-widget elementor-widget-animated-headline\" data-id=\"7195067d\" data-element_type=\"widget\" data-e-type=\"widget\" data-settings=\"{&quot;headline_style&quot;:&quot;rotate&quot;,&quot;animation_type&quot;:&quot;blinds&quot;,&quot;rotating_text&quot;:&quot;Informations\\nAnnonces\\nVie associative\\nJourn\\u00e9es culturelles&quot;,&quot;loop&quot;:&quot;yes&quot;,&quot;rotate_iteration_delay&quot;:2500}\" data-widget_type=\"animated-headline.default\">\n\t\t\t\t<div class=\"elementor-widget-container\">\n\t\t\t\t\t\t\t<h4 class=\"elementor-headline elementor-headline-animation-type-blinds elementor-headline-letters\">\n\t\t\t\t<span class=\"elementor-headline-dynamic-wrapper elementor-headline-text-wrapper\">\n\t\t\t\t\t<span class=\"elementor-headline-dynamic-text elementor-headline-text-active\">\n\t\t\t\tInformations\t\t\t<\/span>\n\t\t\t\t\t<span class=\"elementor-headline-dynamic-text\">\n\t\t\t\tAnnonces\t\t\t<\/span>\n\t\t\t\t\t<span class=\"elementor-headline-dynamic-text\">\n\t\t\t\tVie&nbsp;associative\t\t\t<\/span>\n\t\t\t\t\t<span class=\"elementor-headline-dynamic-text\">\n\t\t\t\tJourn\u00e9es&nbsp;culturelles\t\t\t<\/span>\n\t\t\t\t\t\t<\/span>\n\t\t\t\t<\/h4>\n\t\t\t\t\t\t<\/div>\n\t\t\t\t<\/div>\n\t\t\t\t<div class=\"elementor-element elementor-element-4e663cee elementor-widget elementor-widget-eael-post-list\" data-id=\"4e663cee\" data-element_type=\"widget\" data-e-type=\"widget\" data-widget_type=\"eael-post-list.default\">\n\t\t\t\t<div class=\"elementor-widget-container\">\n\t\t\t\t\t<div class=\"eael-post-list-container advanced layout-advanced\"><div class=\"eael-post-list-wrap\"><div class=\"eael-post-list-posts-wrap eael-post-appender eael-post-appender-4e663cee\"><div class=\"eael-post-list-post \"><div class=\"eael-post-list-post-inner\"><div class=\"eael-post-list-thumbnail \"><a href=\"https:\/\/soubre.diplomatie.gov.bf\/index.php\/%f0%9d%90%91%f0%9d%90%9e%f0%9d%90%a7%f0%9d%90%9c%f0%9d%90%a8%f0%9d%90%a7%f0%9d%90%ad%f0%9d%90%ab%f0%9d%90%9e-%f0%9d%90%ad%f0%9d%90%ab%f0%9d%90%a2%f0%9d%90%a6%f0%9d%90%9e%f0%9d%90%ac%f0%9d%90%ad\/\">\n                <img decoding=\"async\" src=\"https:\/\/soubre.diplomatie.gov.bf\/wp-content\/uploads\/sites\/43\/2024\/12\/450933594_799258515724505_3683820279945983344_n.jpg\" alt=\"\">\n            <\/a><\/div><div class=\"eael-post-list-content\"><h2 class=\"eael-post-list-title\"><a href=\"https:\/\/soubre.diplomatie.gov.bf\/index.php\/%f0%9d%90%91%f0%9d%90%9e%f0%9d%90%a7%f0%9d%90%9c%f0%9d%90%a8%f0%9d%90%a7%f0%9d%90%ad%f0%9d%90%ab%f0%9d%90%9e-%f0%9d%90%ad%f0%9d%90%ab%f0%9d%90%a2%f0%9d%90%a6%f0%9d%90%9e%f0%9d%90%ac%f0%9d%90%ad\/\" >\ud835\udc11\ud835\udc1e\ud835\udc27\ud835\udc1c\ud835\udc28\ud835\udc27\ud835\udc2d\ud835\udc2b\ud835\udc1e \ud835\udc2d\ud835\udc2b\ud835\udc22\ud835\udc26\ud835\udc1e\ud835\udc2c\ud835\udc2d\ud835\udc2b\ud835\udc22\ud835\udc1e\ud835\udc25\ud835\udc25\ud835\udc1e \ud835\udc00\ud835\udc26\ud835\udc1b\ud835\udc1a\ud835\udc2c\ud835\udc2c\ud835\udc1a\ud835\udc1d\ud835\udc1e-\ud835\udc02\ud835\udc28\ud835\udc27\ud835\udc2c\ud835\udc2e\ud835\udc25\ud835\udc1a\ud835\udc2d\ud835\udc2c \ud835\udc20\ud835\udc1e\u0301\ud835\udc27\ud835\udc1e\u0301\ud835\udc2b\ud835\udc1a\ud835\udc2e\ud835\udc31 \ud835\udc1d\ud835\udc2e \ud835\udc01\ud835\udc2e\ud835\udc2b\ud835\udc24\ud835\udc22\ud835\udc27\ud835\udc1a \ud835\udc05\ud835\udc1a\ud835\udc2c\ud835\udc28 \ud835\udc1e\ud835\udc27 \ud835\udc02\ud835\udc28\u0302\ud835\udc2d\ud835\udc1e \ud835\udc1d&rsquo;\ud835\udc08\ud835\udc2f\ud835\udc28\ud835\udc22\ud835\udc2b\ud835\udc1e : \ud835\udc0b\ud835\udc1e \ud835\udc2b\ud835\udc1e\ud835\udc27\ud835\udc1f\ud835\udc28\ud835\udc2b\ud835\udc1c\ud835\udc1e\ud835\udc26\ud835\udc1e\ud835\udc27\ud835\udc2d \ud835\udc1d\ud835\udc1e\ud835\udc2c \ud835\udc26\ud835\udc1e\u0301\ud835\udc1c\ud835\udc1a\ud835\udc27\ud835\udc22\ud835\udc2c\ud835\udc26\ud835\udc1e\ud835\udc2c \ud835\udc1d\ud835\udc1e \ud835\udc29\ud835\udc2b\ud835\udc28\ud835\udc2d\ud835\udc1e\ud835\udc1c\ud835\udc2d\ud835\udc22\ud835\udc28\ud835\udc27 \ud835\udc1e\ud835\udc2d \ud835\udc1d\ud835\udc1e \ud835\udc1d\ud835\udc1e\u0301\ud835\udc1f\ud835\udc1e\ud835\udc27\ud835\udc2c\ud835\udc1e \ud835\udc1d\ud835\udc1e\ud835\udc2c \ud835\udc22\ud835\udc27\ud835\udc2d\ud835\udc1e\u0301\ud835\udc2b\ud835\udc1e\u0302\ud835\udc2d\ud835\udc2c \ud835\udc1d\ud835\udc1e\ud835\udc2c \ud835\udc01\ud835\udc2e\ud835\udc2b\ud835\udc24\ud835\udc22\ud835\udc27\ud835\udc1a\ud835\udc1b\ud835\udc1e\u0300 \ud835\udc2f\ud835\udc22\ud835\udc2f\ud835\udc1a\ud835\udc27\ud835\udc2d \ud835\udc1e\ud835\udc27 \ud835\udc02\ud835\udc28\u0302\ud835\udc2d\ud835\udc1e \ud835\udc1d&rsquo;\ud835\udc08\ud835\udc2f\ud835\udc28\ud835\udc22\ud835\udc2b\ud835\udc1e \ud835\udc1a\ud835\udc2e \ud835\udc1c\ud835\udc1e\ud835\udc27\ud835\udc2d\ud835\udc2b\ud835\udc1e \ud835\udc1d\ud835\udc1e\ud835\udc2c \ud835\udc1e\u0301\ud835\udc1c\ud835\udc21\ud835\udc1a\ud835\udc27\ud835\udc20\ud835\udc1e\ud835\udc2c \ud835\udc1a\u0300 \ud835\udc03\ud835\udc2e\ud835\udc1e\ud835\udc24\ud835\udc28\ud835\udc2e\ud835\udc1e\u0301.<\/a><\/h2><div class=\"meta\"><span class=\"eael-post-published-date\"><i class=\"far fa-calendar-alt\"><\/i> 13 d\u00e9cembre 2024<\/span><\/div><p>Activit\u00e9 majeure de la Repr\u00e9sentation diplomatique du Burkina Faso en C\u00f4te d&rsquo;Ivoire,...<\/p><a href=\"https:\/\/soubre.diplomatie.gov.bf\/index.php\/%f0%9d%90%91%f0%9d%90%9e%f0%9d%90%a7%f0%9d%90%9c%f0%9d%90%a8%f0%9d%90%a7%f0%9d%90%ad%f0%9d%90%ab%f0%9d%90%9e-%f0%9d%90%ad%f0%9d%90%ab%f0%9d%90%a2%f0%9d%90%a6%f0%9d%90%9e%f0%9d%90%ac%f0%9d%90%ad\/\" class=\"eael-post-elements-readmore-btn\" >En savoir plus<\/a><div class=\"boxed-meta\"><\/div><\/div><\/div><\/div><div class=\"eael-post-list-post \"><div class=\"eael-post-list-post-inner\"><div class=\"eael-post-list-thumbnail \"><a href=\"https:\/\/soubre.diplomatie.gov.bf\/index.php\/journees-nationales-dengagement-patriotique-et-de-participation-citoyenne-phase-ii\/\">\n                <img decoding=\"async\" src=\"https:\/\/soubre.diplomatie.gov.bf\/wp-content\/uploads\/sites\/43\/2024\/12\/461709629_851698933813796_3229692126648524579_n.jpg\" alt=\"\">\n            <\/a><\/div><div class=\"eael-post-list-content\"><h2 class=\"eael-post-list-title\"><a href=\"https:\/\/soubre.diplomatie.gov.bf\/index.php\/journees-nationales-dengagement-patriotique-et-de-participation-citoyenne-phase-ii\/\" >Journ\u00e9es Nationales d&rsquo;Engagement Patriotique et de Participation Citoyenne phase II<\/a><\/h2><div class=\"meta\"><span class=\"eael-post-published-date\"><i class=\"far fa-calendar-alt\"><\/i> 12 d\u00e9cembre 2024<\/span><\/div><p>La Repr\u00e9sentation diplomatique du Burkina Faso en R\u00e9publique de C\u00f4te d&rsquo;Ivoire entame...<\/p><a href=\"https:\/\/soubre.diplomatie.gov.bf\/index.php\/journees-nationales-dengagement-patriotique-et-de-participation-citoyenne-phase-ii\/\" class=\"eael-post-elements-readmore-btn\" >En savoir plus<\/a><div class=\"boxed-meta\"><\/div><\/div><\/div><\/div><div class=\"eael-post-list-post \"><div class=\"eael-post-list-post-inner\"><div class=\"eael-post-list-thumbnail \"><a href=\"https:\/\/soubre.diplomatie.gov.bf\/index.php\/%f0%9d%90%82%f0%9d%90%a8%f0%9d%90%a7%f0%9d%90%ad%f0%9d%90%ab%f0%9d%90%a2%f0%9d%90%9b%f0%9d%90%ae%f0%9d%90%ad%f0%9d%90%a2%f0%9d%90%a8%f0%9d%90%a7-%f0%9d%90%9a-%f0%9d%90%a5%f0%9d%90%9a\/\">\n                <img decoding=\"async\" src=\"https:\/\/soubre.diplomatie.gov.bf\/wp-content\/uploads\/sites\/43\/2024\/12\/468335048_889601863356836_7589315515103942261_n.jpg\" alt=\"\">\n            <\/a><\/div><div class=\"eael-post-list-content\"><h2 class=\"eael-post-list-title\"><a href=\"https:\/\/soubre.diplomatie.gov.bf\/index.php\/%f0%9d%90%82%f0%9d%90%a8%f0%9d%90%a7%f0%9d%90%ad%f0%9d%90%ab%f0%9d%90%a2%f0%9d%90%9b%f0%9d%90%ae%f0%9d%90%ad%f0%9d%90%a2%f0%9d%90%a8%f0%9d%90%a7-%f0%9d%90%9a-%f0%9d%90%a5%f0%9d%90%9a\/\" >\ud835\udc02\ud835\udc28\ud835\udc27\ud835\udc2d\ud835\udc2b\ud835\udc22\ud835\udc1b\ud835\udc2e\ud835\udc2d\ud835\udc22\ud835\udc28\ud835\udc27 \ud835\udc1a\u0300 \ud835\udc25\ud835\udc1a \ud835\udc09\ud835\udc28\ud835\udc2e\ud835\udc2b\ud835\udc27\ud835\udc1e\u0301\ud835\udc1e \ud835\udc12\ud835\udc29\ud835\udc1e\u0301\ud835\udc1c\ud835\udc22\ud835\udc1a\ud835\udc25\ud835\udc1e \ud835\udc1d\ud835\udc1e \ud835\udc0c\ud835\udc28\ud835\udc1b\ud835\udc22\ud835\udc25\ud835\udc22\ud835\udc2c\ud835\udc1a\ud835\udc2d\ud835\udc22\ud835\udc28\ud835\udc27 \ud835\udc29\ud835\udc1a\ud835\udc2d\ud835\udc2b\ud835\udc22\ud835\udc28\ud835\udc2d\ud835\udc22\ud835\udc2a\ud835\udc2e\ud835\udc1e: \ud835\udc14\ud835\udc27\ud835\udc1e \ud835\udc26\ud835\udc28\ud835\udc22\ud835\udc2c\ud835\udc2c\ud835\udc28\ud835\udc27 \ud835\udc1d\ud835\udc1e \ud835\udc29\ud835\udc25\ud835\udc2e\ud835\udc2c \ud835\udc1d\ud835\udc1e \ud835\udfd3\ud835\udfd2 \ud835\udc26\ud835\udc22\ud835\udc25\ud835\udc25\ud835\udc22\ud835\udc28\ud835\udc27\ud835\udc2c \ud835\udc1e\ud835\udc27\ud835\udc20\ud835\udc2b\ud835\udc1a\ud835\udc27\ud835\udc20\ud835\udc1e\u0301\ud835\udc1e.<\/a><\/h2><div class=\"meta\"><span class=\"eael-post-published-date\"><i class=\"far fa-calendar-alt\"><\/i> 12 d\u00e9cembre 2024<\/span><\/div><p>L&rsquo;appel \u00e0 contribution lanc\u00e9 \u00e0 la faveur de la Journ\u00e9e Sp\u00e9ciale de...<\/p><a href=\"https:\/\/soubre.diplomatie.gov.bf\/index.php\/%f0%9d%90%82%f0%9d%90%a8%f0%9d%90%a7%f0%9d%90%ad%f0%9d%90%ab%f0%9d%90%a2%f0%9d%90%9b%f0%9d%90%ae%f0%9d%90%ad%f0%9d%90%a2%f0%9d%90%a8%f0%9d%90%a7-%f0%9d%90%9a-%f0%9d%90%a5%f0%9d%90%9a\/\" class=\"eael-post-elements-readmore-btn\" >En savoir plus<\/a><div class=\"boxed-meta\"><\/div><\/div><\/div><\/div><div class=\"eael-post-list-post \"><div class=\"eael-post-list-post-inner\"><div class=\"eael-post-list-thumbnail \"><a href=\"https:\/\/soubre.diplomatie.gov.bf\/index.php\/%f0%9d%90%82%f0%9d%90%a8%f0%9d%90%a8%f0%9d%90%a9%f0%9d%90%9e%f0%9d%90%ab%f0%9d%90%9a%f0%9d%90%ad%f0%9d%90%a2%f0%9d%90%a8%f0%9d%90%a7-%f0%9d%90%8b%f0%9d%90%9e%f0%9d%90%ac-%f0%9d%90%a6\/\">\n                <img decoding=\"async\" src=\"https:\/\/soubre.diplomatie.gov.bf\/wp-content\/uploads\/sites\/43\/2024\/12\/468404641_891007766549579_4944778975028036496_n.jpg\" alt=\"\">\n            <\/a><\/div><div class=\"eael-post-list-content\"><h2 class=\"eael-post-list-title\"><a href=\"https:\/\/soubre.diplomatie.gov.bf\/index.php\/%f0%9d%90%82%f0%9d%90%a8%f0%9d%90%a8%f0%9d%90%a9%f0%9d%90%9e%f0%9d%90%ab%f0%9d%90%9a%f0%9d%90%ad%f0%9d%90%a2%f0%9d%90%a8%f0%9d%90%a7-%f0%9d%90%8b%f0%9d%90%9e%f0%9d%90%ac-%f0%9d%90%a6\/\" >\ud835\udc02\ud835\udc28\ud835\udc28\ud835\udc29\ud835\udc1e\u0301\ud835\udc2b\ud835\udc1a\ud835\udc2d\ud835\udc22\ud835\udc28\ud835\udc27 : \ud835\udc0b\ud835\udc1e\ud835\udc2c \ud835\udc26\ud835\udc22\ud835\udc2c\ud835\udc2c\ud835\udc22\ud835\udc28\ud835\udc27\ud835\udc2c \ud835\udc1d\ud835\udc22\ud835\udc29\ud835\udc25\ud835\udc28\ud835\udc26\ud835\udc1a\ud835\udc2d\ud835\udc22\ud835\udc2a\ud835\udc2e\ud835\udc1e\ud835\udc2c \ud835\udc1e\ud835\udc2d \ud835\udc1c\ud835\udc28\ud835\udc27\ud835\udc2c\ud835\udc2e\ud835\udc25\ud835\udc1a\ud835\udc22\ud835\udc2b\ud835\udc1e\ud835\udc2c \ud835\udc1d\ud835\udc1e \ud835\udc25&rsquo;\ud835\udc00\ud835\udc04\ud835\udc12 \ud835\udc1e\ud835\udc27 \ud835\udc02\ud835\udc28\u0302\ud835\udc2d\ud835\udc1e \ud835\udc1d&rsquo;\ud835\udc08\ud835\udc2f\ud835\udc28\ud835\udc22\ud835\udc2b\ud835\udc1e \ud835\udc2c\ud835\udc1e \ud835\udc1c\ud835\udc28\ud835\udc27\ud835\udc1c\ud835\udc1e\ud835\udc2b\ud835\udc2d\ud835\udc1e\ud835\udc27\ud835\udc2d.<\/a><\/h2><div class=\"meta\"><span class=\"eael-post-published-date\"><i class=\"far fa-calendar-alt\"><\/i> 12 d\u00e9cembre 2024<\/span><\/div><p>Journ\u00e9e d&rsquo;\u00e9changes entre les responsables des missions diplomatiques des \u00e9tats de la...<\/p><a href=\"https:\/\/soubre.diplomatie.gov.bf\/index.php\/%f0%9d%90%82%f0%9d%90%a8%f0%9d%90%a8%f0%9d%90%a9%f0%9d%90%9e%f0%9d%90%ab%f0%9d%90%9a%f0%9d%90%ad%f0%9d%90%a2%f0%9d%90%a8%f0%9d%90%a7-%f0%9d%90%8b%f0%9d%90%9e%f0%9d%90%ac-%f0%9d%90%a6\/\" class=\"eael-post-elements-readmore-btn\" >En savoir plus<\/a><div class=\"boxed-meta\"><\/div><\/div><\/div><\/div><\/div><\/div>\n\t\t<\/div><div data-nonce=\"b881b7cbc2\" class=\"post-list-pagination\" data-widget-id=\"4e663cee\" data-widget=\"4e663cee\" data-page-id=\"4641\" data-class=\"Essential_Addons_Elementor\\Pro\\Elements\\Post_List\" data-args=\"orderby=date&amp;order=desc&amp;ignore_sticky_posts=1&amp;post_status=publish&amp;posts_per_page=4&amp;offset=0&amp;post_type=post&amp;tax_query%5B0%5D%5Btaxonomy%5D=category&amp;tax_query%5B0%5D%5Bfield%5D=term_id&amp;tax_query%5B0%5D%5Bterms%5D%5B0%5D=29&amp;tax_query%5Brelation%5D=AND\" data-settings=\"eael_post_list_post_feature_image=yes&amp;eael_post_list_post_meta=yes&amp;eael_post_list_post_title=yes&amp;eael_post_list_post_excerpt=yes&amp;eael_post_list_post_excerpt_length=12&amp;eael_post_list_pagination=navigation&amp;eael_post_list_layout_type=advanced&amp;eael_post_list_post_cat=&amp;eael_post_list_author_meta=&amp;eael_post_list_title_tag=h2&amp;eael_show_read_more_button=yes&amp;eael_post_list_read_more_text=En+savoir+plus&amp;eael_post_list_excerpt_expanison_indicator=...&amp;eael_post_featured_image_size=large&amp;eael_post_list_show_last_modified=no\" data-page=\"1\" data-scroll-on-pagination=\"1\" data-scroll-offset=\"100\" data-template=\"{&quot;dir&quot;:&quot;pro&quot;,&quot;file_name&quot;:&quot;advanced.php&quot;,&quot;name&quot;:&quot;Post-List&quot;}\">\n            <button class=\"btn btn-prev-post\" id=\"post-nav-prev-4e663cee\" disabled=\"true\" aria-label=\"previous\"><svg aria-hidden=\"true\" class=\"e-font-icon-svg e-fas-angle-left\" viewBox=\"0 0 256 512\" xmlns=\"http:\/\/www.w3.org\/2000\/svg\"><path d=\"M31.7 239l136-136c9.4-9.4 24.6-9.4 33.9 0l22.6 22.6c9.4 9.4 9.4 24.6 0 33.9L127.9 256l96.4 96.4c9.4 9.4 9.4 24.6 0 33.9L201.7 409c-9.4 9.4-24.6 9.4-33.9 0l-136-136c-9.5-9.4-9.5-24.6-.1-34z\"><\/path><\/svg><\/button><button class=\"btn btn-next-post\" id=\"post-nav-next-4e663cee\" aria-label=\"next\"><svg aria-hidden=\"true\" class=\"e-font-icon-svg e-fas-angle-right\" viewBox=\"0 0 256 512\" xmlns=\"http:\/\/www.w3.org\/2000\/svg\"><path d=\"M224.3 273l-136 136c-9.4 9.4-24.6 9.4-33.9 0l-22.6-22.6c-9.4-9.4-9.4-24.6 0-33.9l96.4-96.4-96.4-96.4c-9.4-9.4-9.4-24.6 0-33.9L54.3 103c9.4-9.4 24.6-9.4 33.9 0l136 136c9.5 9.4 9.5 24.6.1 34z\"><\/path><\/svg><\/button>\n        <\/div>\t\t\t\t<\/div>\n\t\t\t\t<\/div>\n\t\t\t\t<\/div>\n\t\t\t\t<\/div>\n\t\t","protected":false},"excerpt":{"rendered":"<p>Toute l&rsquo;actualit\u00e9 de la diaspora Burkinab\u00e8 vivante en C\u00f4te d&rsquo;Ivoire Informations Annonces Vie&nbsp;associative Journ\u00e9es&nbsp;culturelles Coop\u00e9ration SUD \/SUD La R\u00e9publique de Nicaragua et le Burkina renforcent leurs relations diplomatiques. 19 juillet 2024 S.E.M Sylvain Y. YAMEOGO, Ambassadeur Repr\u00e9sentant Permanent adjoint a re\u00e7u en audience,&#8230; En savoir plus Lancement des Journ\u00e9es d\u2019engagement patriotique et de participation citoyenne [&hellip;]<\/p>\n","protected":false},"author":9,"featured_media":0,"parent":0,"menu_order":0,"comment_status":"closed","ping_status":"closed","template":"","meta":{"_acf_changed":false,"_monsterinsights_skip_tracking":false,"_monsterinsights_sitenote_active":false,"_monsterinsights_sitenote_note":"","_monsterinsights_sitenote_category":0,"footnotes":""},"class_list":["post-4641","page","type-page","status-publish","hentry"],"acf":[],"_links":{"self":[{"href":"https:\/\/soubre.diplomatie.gov.bf\/index.php\/wp-json\/wp\/v2\/pages\/4641","targetHints":{"allow":["GET"]}}],"collection":[{"href":"https:\/\/soubre.diplomatie.gov.bf\/index.php\/wp-json\/wp\/v2\/pages"}],"about":[{"href":"https:\/\/soubre.diplomatie.gov.bf\/index.php\/wp-json\/wp\/v2\/types\/page"}],"author":[{"embeddable":true,"href":"https:\/\/soubre.diplomatie.gov.bf\/index.php\/wp-json\/wp\/v2\/users\/9"}],"replies":[{"embeddable":true,"href":"https:\/\/soubre.diplomatie.gov.bf\/index.php\/wp-json\/wp\/v2\/comments?post=4641"}],"version-history":[{"count":7,"href":"https:\/\/soubre.diplomatie.gov.bf\/index.php\/wp-json\/wp\/v2\/pages\/4641\/revisions"}],"predecessor-version":[{"id":5245,"href":"https:\/\/soubre.diplomatie.gov.bf\/index.php\/wp-json\/wp\/v2\/pages\/4641\/revisions\/5245"}],"wp:attachment":[{"href":"https:\/\/soubre.diplomatie.gov.bf\/index.php\/wp-json\/wp\/v2\/media?parent=4641"}],"curies":[{"name":"wp","href":"https:\/\/api.w.org\/{rel}","templated":true}]}}